{"id":15,"date":"2023-05-12T13:14:24","date_gmt":"2023-05-12T11:14:24","guid":{"rendered":"http:\/\/hytbydf.cluster027.hosting.ovh.net\/?page_id=15"},"modified":"2023-06-10T15:01:49","modified_gmt":"2023-06-10T13:01:49","slug":"le-suivi-gynecologique","status":"publish","type":"page","link":"https:\/\/www.sagefemmebordeaux.com\/index.php\/le-suivi-gynecologique\/","title":{"rendered":""},"content":{"rendered":"\n<h2 class=\"wp-block-heading has-text-align-center\" style=\"font-size:30px;font-style:normal;font-weight:500\"><mark style=\"background-color:rgba(0, 0, 0, 0);color:#d0836b\" class=\"has-inline-color\">Le suivi gyn\u00e9cologique et la contraception<\/mark><\/h2>\n\n\n\n<div style=\"height:50px\" aria-hidden=\"true\" class=\"wp-block-spacer\"><\/div>\n\n\n\n<div class=\"wp-block-columns is-layout-flex wp-container-core-columns-is-layout-9d6595d7 wp-block-columns-is-layout-flex\">\n<div class=\"wp-block-column is-layout-flow wp-block-column-is-layout-flow\" style=\"flex-basis:10%\"><\/div>\n\n\n\n<div class=\"wp-block-column is-layout-flow wp-block-column-is-layout-flow\" style=\"flex-basis:80%\">\n<div class=\"wp-block-columns is-layout-flex wp-container-core-columns-is-layout-9d6595d7 wp-block-columns-is-layout-flex\">\n<div class=\"wp-block-column is-layout-flow wp-block-column-is-layout-flow\">\n<div style=\"height:67px\" aria-hidden=\"true\" class=\"wp-block-spacer\"><\/div>\n\n\n\n<p style=\"font-size:14px\">\u2022 Dans la mesure o\u00f9 vous \u00eates en bonne sant\u00e9 (aucune pathologie lourde), je peux assurer votre suivi gyn\u00e9cologique de pr\u00e9vention et de contraception<\/p>\n\n\n\n<div style=\"height:15px\" aria-hidden=\"true\" class=\"wp-block-spacer\"><\/div>\n\n\n\n<p style=\"font-size:14px\">\u2022 Consultation de suivi annuel<\/p>\n\n\n\n<div style=\"height:15px\" aria-hidden=\"true\" class=\"wp-block-spacer\"><\/div>\n\n\n\n<p style=\"font-size:14px\">\u2022 D\u00e9pistage du cancer du col de l\u2019ut\u00e9rus<br>\u2013 r\u00e9alisation du frottis du col <em>(\u00e0 partir de 25 ans, puis \u00e0 26 ans et \u00e0 29 ans si les deux premiers frottis sont normaux)<\/em><br>\u2013 et\/ou recherche du Papilloma virus (HPV) responsable du cancer du col <em>(\u00e0 partir de 30 ans ou en suivi)<\/em>. Si le test <a rel=\"noreferrer noopener\" href=\"https:\/\/static.cnsf.asso.fr\/wp-content\/uploads\/2021\/01\/cnsf-hpv.pdf\" target=\"_blank\"><mark style=\"background-color:rgba(0, 0, 0, 0);color:#d0836b\" class=\"has-inline-color\">HPV<\/mark><\/a> est n\u00e9gatif, l\u2019analyse du frottis n\u2019est alors pas n\u00e9cessaire et il est possible d\u2019espacer les pr\u00e9l\u00e8vements \u00e0 tous les 5 ans (recommandations HAS 2019)<\/p>\n<\/div>\n\n\n\n<div class=\"wp-block-column is-layout-flow wp-block-column-is-layout-flow\">\n<div style=\"height:50px\" aria-hidden=\"true\" class=\"wp-block-spacer\"><\/div>\n\n\n\n<figure class=\"wp-block-image size-large\"><img loading=\"lazy\" decoding=\"async\" width=\"1024\" height=\"731\" src=\"http:\/\/hytbydf.cluster027.hosting.ovh.net\/wp-content\/uploads\/2023\/05\/02-UTERUS-1-1024x731.png\" alt=\"\" class=\"wp-image-214\" srcset=\"https:\/\/www.sagefemmebordeaux.com\/wp-content\/uploads\/2023\/05\/02-UTERUS-1-1024x731.png 1024w, https:\/\/www.sagefemmebordeaux.com\/wp-content\/uploads\/2023\/05\/02-UTERUS-1-300x214.png 300w, https:\/\/www.sagefemmebordeaux.com\/wp-content\/uploads\/2023\/05\/02-UTERUS-1-768x548.png 768w, https:\/\/www.sagefemmebordeaux.com\/wp-content\/uploads\/2023\/05\/02-UTERUS-1-1536x1097.png 1536w, https:\/\/www.sagefemmebordeaux.com\/wp-content\/uploads\/2023\/05\/02-UTERUS-1-2048x1463.png 2048w, https:\/\/www.sagefemmebordeaux.com\/wp-content\/uploads\/2023\/05\/02-UTERUS-1-84x60.png 84w\" sizes=\"auto, (max-width: 1024px) 100vw, 1024px\" \/><\/figure>\n<\/div>\n<\/div>\n\n\n\n<p style=\"font-size:14px\">\u2022 Prescription, pose et retrait (pour les contralongues) et suivi de tous les contraceptifs. Pilules, patch transdermique, anneau vaginal, implant, dispositifs ou syst\u00e8mes intra-ut\u00e9rins plus connus sous le terme de \u00ab st\u00e9rilets\u00bb\u2026 Le panel des contraceptifs \u00e0 votre disposition est large. Je suis l\u00e0 pour vous informer et vous prescrire la m\u00e9thode qui vous convient le mieux. <em><strong>\u00ab La meilleure contraception c\u2019est celle que vous choisissez et qui est adapt\u00e9e \u00e0 votre mode de vie \u00bb<\/strong><\/em><\/p>\n\n\n\n<div style=\"height:15px\" aria-hidden=\"true\" class=\"wp-block-spacer\"><\/div>\n\n\n\n<p style=\"font-size:14px\">\u2022 Prescription des examens compl\u00e9mentaires n\u00e9cessaires \u00e0 votre suivi (bilans sanguins, d\u00e9pistage des infections sexuellement transmissibles (IST), \u00e9chographies &amp; IRM gyn\u00e9cologiques, mammographies (le d\u00e9pistage organis\u00e9 du cancer du sein pr\u00e9voit une mammographie tous les 2 ans \u00e0 partir de 50 ans)<\/p>\n\n\n\n<div style=\"height:15px\" aria-hidden=\"true\" class=\"wp-block-spacer\"><\/div>\n\n\n\n<p style=\"font-size:14px\">Si je d\u00e9piste une pathologie, je vous adresserai \u00e0 votre m\u00e9decin g\u00e9n\u00e9raliste ou \u00e0 un sp\u00e9cialiste (en lien avec votre m\u00e9decin traitant) afin que vous soyez prise en charge.<\/p>\n\n\n\n<div style=\"height:20px\" aria-hidden=\"true\" class=\"wp-block-spacer\"><\/div>\n\n\n\n<figure class=\"wp-block-image size-large\"><img loading=\"lazy\" decoding=\"async\" width=\"1024\" height=\"576\" src=\"http:\/\/hytbydf.cluster027.hosting.ovh.net\/wp-content\/uploads\/2023\/05\/20201011_124822-1024x576.jpg\" alt=\"\" class=\"wp-image-467\" srcset=\"https:\/\/www.sagefemmebordeaux.com\/wp-content\/uploads\/2023\/05\/20201011_124822-1024x576.jpg 1024w, https:\/\/www.sagefemmebordeaux.com\/wp-content\/uploads\/2023\/05\/20201011_124822-300x169.jpg 300w, https:\/\/www.sagefemmebordeaux.com\/wp-content\/uploads\/2023\/05\/20201011_124822-768x432.jpg 768w, https:\/\/www.sagefemmebordeaux.com\/wp-content\/uploads\/2023\/05\/20201011_124822-1536x864.jpg 1536w, https:\/\/www.sagefemmebordeaux.com\/wp-content\/uploads\/2023\/05\/20201011_124822-2048x1152.jpg 2048w, https:\/\/www.sagefemmebordeaux.com\/wp-content\/uploads\/2023\/05\/20201011_124822-107x60.jpg 107w, https:\/\/www.sagefemmebordeaux.com\/wp-content\/uploads\/2023\/05\/20201011_124822-840x473.jpg 840w\" sizes=\"auto, (max-width: 1024px) 100vw, 1024px\" \/><\/figure>\n\n\n\n<div style=\"height:20px\" aria-hidden=\"true\" class=\"wp-block-spacer\"><\/div>\n\n\n\n<p class=\"has-text-color\" style=\"color:#d0836b;font-size:14px\"><mark style=\"background-color:rgba(0, 0, 0, 0);color:#d0836b\" class=\"has-inline-color\"><a rel=\"noreferrer noopener\" href=\"https:\/\/static.cnsf.asso.fr\/wp-content\/uploads\/2019\/07\/cnsf-suivi-gyn%C3%A9co-prevention-depistages.pdf\" target=\"_blank\">En savoir plus sur le suivi gyn\u00e9cologique de pr\u00e9vention.<\/a><br><a rel=\"noreferrer noopener\" href=\"https:\/\/static.cnsf.asso.fr\/wp-content\/uploads\/2019\/01\/cnsf-depistage-cancer-sein-VF.pdf\" target=\"_blank\">En savoir plus sur le d\u00e9pistage du cancer du sein.<\/a><\/mark><\/p>\n\n\n\n<div style=\"height:50px\" aria-hidden=\"true\" class=\"wp-block-spacer\"><\/div>\n\n\n\n<div class=\"wp-block-buttons is-content-justification-center is-layout-flex wp-container-core-buttons-is-layout-16018d1d wp-block-buttons-is-layout-flex\">\n<div class=\"wp-block-button\"><a class=\"wp-block-button__link has-white-color has-text-color has-background has-text-align-center wp-element-button\" href=\"https:\/\/www.doctolib.fr\/sage-femme\/bordeaux\/christine-bourgeais\" style=\"background-color:#d0836b\" target=\"_blank\" rel=\"noreferrer noopener\">PRENDRE RDV<\/a><\/div>\n<\/div>\n<\/div>\n\n\n\n<div class=\"wp-block-column is-layout-flow wp-block-column-is-layout-flow\" style=\"flex-basis:10%\"><\/div>\n<\/div>\n","protected":false},"excerpt":{"rendered":"<p>Le suivi gyn\u00e9cologique et la contraception \u2022 Dans la mesure o\u00f9 vous \u00eates en bonne sant\u00e9 (aucune pathologie lourde), je peux assurer votre suivi gyn\u00e9cologique &hellip; <\/p>\n","protected":false},"author":1,"featured_media":0,"parent":0,"menu_order":0,"comment_status":"closed","ping_status":"closed","template":"","meta":{"footnotes":""},"class_list":["post-15","page","type-page","status-publish","hentry"],"_links":{"self":[{"href":"https:\/\/www.sagefemmebordeaux.com\/index.php\/wp-json\/wp\/v2\/pages\/15","targetHints":{"allow":["GET"]}}],"collection":[{"href":"https:\/\/www.sagefemmebordeaux.com\/index.php\/wp-json\/wp\/v2\/pages"}],"about":[{"href":"https:\/\/www.sagefemmebordeaux.com\/index.php\/wp-json\/wp\/v2\/types\/page"}],"author":[{"embeddable":true,"href":"https:\/\/www.sagefemmebordeaux.com\/index.php\/wp-json\/wp\/v2\/users\/1"}],"replies":[{"embeddable":true,"href":"https:\/\/www.sagefemmebordeaux.com\/index.php\/wp-json\/wp\/v2\/comments?post=15"}],"version-history":[{"count":80,"href":"https:\/\/www.sagefemmebordeaux.com\/index.php\/wp-json\/wp\/v2\/pages\/15\/revisions"}],"predecessor-version":[{"id":479,"href":"https:\/\/www.sagefemmebordeaux.com\/index.php\/wp-json\/wp\/v2\/pages\/15\/revisions\/479"}],"wp:attachment":[{"href":"https:\/\/www.sagefemmebordeaux.com\/index.php\/wp-json\/wp\/v2\/media?parent=15"}],"curies":[{"name":"wp","href":"https:\/\/api.w.org\/{rel}","templated":true}]}}